{"id":88,"date":"2023-02-19T00:19:19","date_gmt":"2023-02-18T23:19:19","guid":{"rendered":"https:\/\/ie.uek.krakow.pl\/ke\/?page_id=88"},"modified":"2025-01-03T16:41:32","modified_gmt":"2025-01-03T15:41:32","slug":"o-katedrze","status":"publish","type":"page","link":"https:\/\/ip2.uek.krakow.pl\/kpgppp\/o-katedrze\/","title":{"rendered":"O Katedrze"},"content":{"rendered":"\t\t<div data-elementor-type=\"wp-page\" data-elementor-id=\"88\" class=\"elementor elementor-88\" data-elementor-post-type=\"page\">\n\t\t\t\t\t\t<section data-particle_enable=\"false\" data-particle-mobile-disabled=\"false\" class=\"elementor-section elementor-top-section elementor-element elementor-element-4ca67fb elementor-section-boxed elementor-section-height-default elementor-section-height-default\" data-id=\"4ca67fb\" data-element_type=\"section\" data-e-type=\"section\" data-settings=\"{&quot;jet_parallax_layout_list&quot;:[]}\">\n\t\t\t\t\t\t<div class=\"elementor-container elementor-column-gap-default\">\n\t\t\t\t\t<div class=\"elementor-column elementor-col-100 elementor-top-column elementor-element elementor-element-22e0d310\" data-id=\"22e0d310\" data-element_type=\"column\" data-e-type=\"column\">\n\t\t\t<div class=\"elementor-widget-wrap elementor-element-populated\">\n\t\t\t\t\t\t<div class=\"elementor-element elementor-element-7c047738 elementor-widget elementor-widget-jet-headline\" data-id=\"7c047738\" data-element_type=\"widget\" data-e-type=\"widget\" data-widget_type=\"jet-headline.default\">\n\t\t\t\t<div class=\"elementor-widget-container\">\n\t\t\t\t\t<h2 class=\"jet-headline jet-headline--direction-horizontal\"><span class=\"jet-headline__part jet-headline__first\"><span class=\"jet-headline__label\">Katedra <\/span><\/span><span class=\"jet-headline__space\">&nbsp;<\/span><span class=\"jet-headline__part jet-headline__second\"><span class=\"jet-headline__label\">PRAWA GOSPODARCZEGO PUBLICZNEGO I PRAWA PRACY<\/span><\/span><\/h2>\t\t\t\t<\/div>\n\t\t\t\t<\/div>\n\t\t\t\t<div class=\"elementor-element elementor-element-27706e0c elementor-widget-divider--view-line elementor-invisible elementor-widget elementor-widget-divider\" data-id=\"27706e0c\" data-element_type=\"widget\" data-e-type=\"widget\" data-settings=\"{&quot;_animation&quot;:&quot;fadeInLeft&quot;}\" data-widget_type=\"divider.default\">\n\t\t\t\t<div class=\"elementor-widget-container\">\n\t\t\t\t\t\t\t<div class=\"elementor-divider\">\n\t\t\t<span class=\"elementor-divider-separator\">\n\t\t\t\t\t\t<\/span>\n\t\t<\/div>\n\t\t\t\t\t\t<\/div>\n\t\t\t\t<\/div>\n\t\t\t\t<div class=\"elementor-element elementor-element-64fa2182 elementor-widget elementor-widget-text-editor\" data-id=\"64fa2182\" data-element_type=\"widget\" data-e-type=\"widget\" data-widget_type=\"text-editor.default\">\n\t\t\t\t<div class=\"elementor-widget-container\">\n\t\t\t\t\t\t\t\t\t<blockquote><h5><em><strong>Witamy na stronie internetowej Katedry Prawa Gospodarczego Publicznego i Prawa Pracy. Mamy nadziej\u0119, \u017ce zawarte informacje na stronie naszej Katedry oka\u017c\u0105 si\u0119 pomocne dla wszystkich Czytelnik\u00f3w. Zapraszamy do zapoznania si\u0119 z przedmiotem dzia\u0142alno\u015bci Katedry oraz badaniami, zainteresowaniami i osi\u0105gni\u0119ciami naukowymi, a tak\u017ce zaj\u0119ciami dydaktycznymi prowadzonymi przez jej Pracownik\u00f3w.<\/strong><\/em><\/h5><\/blockquote><p>\u00a0<\/p>\t\t\t\t\t\t\t\t<\/div>\n\t\t\t\t<\/div>\n\t\t\t\t<div class=\"elementor-element elementor-element-c078210 elementor-widget elementor-widget-text-editor\" data-id=\"c078210\" data-element_type=\"widget\" data-e-type=\"widget\" data-widget_type=\"text-editor.default\">\n\t\t\t\t<div class=\"elementor-widget-container\">\n\t\t\t\t\t\t\t\t\t<h2>Historia Katedry<\/h2><p>Katedra Prawa Gospodarczego Publicznego i Prawa Pracy powsta\u0142a dnia 1 pa\u017adziernika 2019 r. poprzez wyodr\u0119bnienie jej ze struktury Katedry Prawa Cywilnego i Gospodarczego. Katedra usytuowana jest w ramach Instytutu Prawa, ale jej nazwa oddaje specyfik\u0119 jej funkcjonowania w ramach Uniwersytetu Ekonomicznego, gdzie Pracownicy tej\u017ce Katedry prowadz\u0105 zaj\u0119cia tak\u017ce w Instytucie Ekonomii, Instytucie Finans\u00f3w oraz Instytucie Zarz\u0105dzania UEK. Przedmiotem bada\u0144 naukowych i dydaktycznych Katedry s\u0105 regulacje prawne zwi\u0105zane z szeroko rozumianym podejmowaniem, a tak\u017ce <span style=\"font-family: var( --e-global-typography-text-font-family ), Sans-serif;letter-spacing: 0px\">prowadzeniem dzia\u0142alno\u015bci gospodarczej w Polsce i w Unii Europejskiej, z prawem pracy oraz prawem w\u0142asno\u015bci intelektualnej.<\/span><\/p><p>Kierownikiem Katedry Prawa Gospodarczego Publicznego i Prawa Pracy jest Prof. UEK, dr hab. Monika Szaraniec.<\/p><p><strong>Katedra Prawa Gospodarczego Publicznego i Prawa Pracy na Twitter<\/strong>:\u00a0<a href=\"https:\/\/twitter.com\/KatedraU\" target=\"_blank\" rel=\"noopener noreferrer\">https:\/\/twitter.com\/KatedraU<\/a><\/p><p><strong style=\"font-family: var( --e-global-typography-text-font-family ), Sans-serif;letter-spacing: 0px\">Katedra Prawa Gospodarczego Publicznego i Prawa Pracy na LinkedIn<\/strong><span style=\"letter-spacing: 0px;font-family: -webkit-standard;font-size: medium\">:\u00a0<\/span><a href=\"https:\/\/www.linkedin.com\/company\/katedra-prawa-gospodarczego-publicznego-i-prawa-pracy-uek\/\">https:\/\/www.linkedin.com\/company\/katedra-prawa-gospodarczego-publicznego-i-prawa-pracy-uek\/<\/a><\/p><p><span style=\"font-family: Montserrat;font-size: 26px;font-weight: 600\">Pracownicy Katedry Prawa Gospodarczego Publicznego i Prawa Pracy prowadz\u0105 badania naukowe i zaj\u0119cia dydaktyczne obejmuj\u0105ce zagadnienia z zakresu:<\/span><\/p><p><span style=\"font-family: Montserrat;font-size: 26px;font-weight: 600\">\u00a0<\/span><\/p><h4>Publiczne prawo gospodarcze:<\/h4><div>\u00a0<\/div><ul><li>prawo przedsi\u0119biorc\u00f3w,<\/li><li>publicznoprawne metody oddzia\u0142ywania administracji na gospodark\u0119,<\/li><li>prawo pomocy publicznej,<\/li><li>prawo konkurencji,<\/li><li>prawo regulacji sektorowych: prawo energetyczne, prawo telekomunikacyjne, prawo lotnicze, prawo kolejowe, prawo pocztowe,<\/li><li>publicznoprawne prawo rynku finansowego (bankowego, ubezpieczeniowego, inwestycyjnego),<\/li><li>prawo ochrony zdrowia,<\/li><li>wp\u0142yw nowych technologii na procesy gospodarcze,<\/li><li>ochrona i przetwarzanie danych osobowych,<\/li><li>prawo informacji gospodarczej,<\/li><li>publicznoprawne zagadnienia prawa Internetu,<\/li><\/ul><h4>\u00a0<\/h4><h4>Prawo pracy i prawo ubezpiecze\u0144 spo\u0142ecznych:<\/h4><div>\u00a0<\/div><ul><li>indywidualne prawo pracy,<\/li><li>zbiorowe prawo pracy,<\/li><li>prawo ubezpiecze\u0144 spo\u0142ecznych,<\/li><li>europejskie prawo socjalnego,<\/li><li>nietypowe formy zatrudnienia,<\/li><li>delegowanie pracownik\u00f3w,<\/li><li>ochrona danych osobowych w zatrudnieniu,<\/li><li>status prawny pracodawcy,<\/li><li>prawo zatrudnienia,<\/li><\/ul><h4>\u00a0<\/h4><h4>Prawo w\u0142asno\u015bci intelektualnej:<\/h4><div>\u00a0<\/div><ul><li>autorskie prawa osobiste i maj\u0105tkowe,<\/li><li>dozwolony u\u017cytek chronionych utwor\u00f3w,<\/li><li>ochrona program\u00f3w komputerowych i baz danych,<\/li><li>umowy w prawie autorskim,<\/li><li>prawo autorskie w Internecie,<\/li><li>prawo autorskie w dobie sztucznej inteligencji,<\/li><li>ochrona wynalazk\u00f3w i wzor\u00f3w u\u017cytkowych,<\/li><li>ochrona wzornictwa przemys\u0142owego, znak\u00f3w towarowych i topografii uk\u0142ad\u00f3w scalonych,<\/li><li>oznaczenia geograficzne,<\/li><li>strategie ochrony w\u0142asno\u015bci intelektualnej w Polsce i na \u015bwiecie,<\/li><li>nowe technologie a prawo w\u0142asno\u015bci intelektualnej.<\/li><\/ul>\t\t\t\t\t\t\t\t<\/div>\n\t\t\t\t<\/div>\n\t\t\t\t<div class=\"elementor-element elementor-element-7c7342c elementor-widget elementor-widget-image\" data-id=\"7c7342c\" data-element_type=\"widget\" data-e-type=\"widget\" data-widget_type=\"image.default\">\n\t\t\t\t<div class=\"elementor-widget-container\">\n\t\t\t\t\t\t\t\t\t\t\t\t\t\t\t<img decoding=\"async\" src=\"https:\/\/ie.uek.krakow.pl\/ke\/wp-content\/uploads\/sites\/3\/2023\/02\/placeholder-1.png\" title=\"\" alt=\"\" loading=\"lazy\" \/>\t\t\t\t\t\t\t\t\t\t\t\t\t\t\t<\/div>\n\t\t\t\t<\/div>\n\t\t\t\t\t<\/div>\n\t\t<\/div>\n\t\t\t\t\t<\/div>\n\t\t<\/section>\n\t\t\t\t<\/div>\n\t\t","protected":false},"excerpt":{"rendered":"<p>Katedra &nbsp;PRAWA GOSPODARCZEGO PUBLICZNEGO I PRAWA PRACY Witamy na stronie internetowej Katedry Prawa Gospodarczego Publicznego i Prawa Pracy. Mamy nadziej\u0119, \u017ce zawarte informacje na stronie naszej Katedry oka\u017c\u0105 si\u0119 pomocne dla wszystkich Czytelnik\u00f3w. Zapraszamy do zapoznania si\u0119 z przedmiotem dzia\u0142alno\u015bci Katedry oraz badaniami, zainteresowaniami i osi\u0105gni\u0119ciami naukowymi, a tak\u017ce zaj\u0119ciami dydaktycznymi prowadzonymi przez jej Pracownik\u00f3w. \u00a0 Historia Katedry Katedra Prawa Gospodarczego Publicznego i Prawa Pracy powsta\u0142a dnia 1 pa\u017adziernika 2019 r. poprzez wyodr\u0119bnienie jej ze struktury Katedry Prawa Cywilnego i Gospodarczego. Katedra usytuowana jest w ramach Instytutu Prawa, ale jej nazwa oddaje specyfik\u0119 jej funkcjonowania w ramach Uniwersytetu Ekonomicznego, gdzie Pracownicy tej\u017ce Katedry prowadz\u0105 zaj\u0119cia tak\u017ce w Instytucie Ekonomii, Instytucie Finans\u00f3w oraz Instytucie Zarz\u0105dzania UEK. Przedmiotem bada\u0144 naukowych i dydaktycznych Katedry s\u0105 regulacje prawne zwi\u0105zane z szeroko rozumianym podejmowaniem, a tak\u017ce prowadzeniem dzia\u0142alno\u015bci gospodarczej w Polsce i w Unii Europejskiej, z prawem pracy oraz prawem w\u0142asno\u015bci intelektualnej. Kierownikiem Katedry Prawa Gospodarczego Publicznego i Prawa Pracy jest Prof. UEK, dr hab. Monika Szaraniec. Katedra Prawa Gospodarczego Publicznego i Prawa Pracy na Twitter:\u00a0https:\/\/twitter.com\/KatedraU Katedra Prawa Gospodarczego Publicznego i Prawa Pracy na LinkedIn:\u00a0https:\/\/www.linkedin.com\/company\/katedra-prawa-gospodarczego-publicznego-i-prawa-pracy-uek\/ Pracownicy Katedry Prawa Gospodarczego Publicznego i Prawa Pracy prowadz\u0105 badania naukowe i zaj\u0119cia dydaktyczne obejmuj\u0105ce zagadnienia z zakresu: \u00a0 Publiczne prawo gospodarcze: \u00a0 prawo przedsi\u0119biorc\u00f3w, publicznoprawne metody oddzia\u0142ywania administracji na gospodark\u0119, prawo pomocy publicznej, prawo konkurencji, prawo regulacji sektorowych: prawo energetyczne, prawo telekomunikacyjne, prawo lotnicze, prawo kolejowe, prawo pocztowe, publicznoprawne prawo rynku finansowego (bankowego, ubezpieczeniowego, inwestycyjnego), prawo ochrony zdrowia, wp\u0142yw nowych technologii na procesy gospodarcze, ochrona i przetwarzanie danych osobowych, prawo informacji gospodarczej, publicznoprawne zagadnienia prawa Internetu, \u00a0 Prawo pracy i prawo ubezpiecze\u0144 spo\u0142ecznych: \u00a0 indywidualne prawo pracy, zbiorowe prawo pracy, prawo ubezpiecze\u0144 spo\u0142ecznych, europejskie prawo socjalnego, nietypowe formy zatrudnienia, delegowanie pracownik\u00f3w, ochrona danych osobowych w zatrudnieniu, status prawny pracodawcy, prawo zatrudnienia, \u00a0 Prawo w\u0142asno\u015bci intelektualnej: \u00a0 autorskie prawa osobiste i maj\u0105tkowe, dozwolony u\u017cytek chronionych utwor\u00f3w, ochrona program\u00f3w komputerowych i baz danych, umowy w prawie autorskim, prawo autorskie w Internecie, prawo autorskie w dobie sztucznej inteligencji, ochrona wynalazk\u00f3w i wzor\u00f3w u\u017cytkowych, ochrona wzornictwa przemys\u0142owego, znak\u00f3w towarowych i topografii uk\u0142ad\u00f3w scalonych, oznaczenia geograficzne, strategie ochrony w\u0142asno\u015bci intelektualnej w Polsce i na \u015bwiecie, nowe technologie a prawo w\u0142asno\u015bci intelektualnej.<\/p>\n","protected":false},"author":1,"featured_media":0,"parent":0,"menu_order":0,"comment_status":"closed","ping_status":"closed","template":"elementor_header_footer","meta":{"footnotes":""},"class_list":["post-88","page","type-page","status-publish","hentry"],"_links":{"self":[{"href":"https:\/\/ip2.uek.krakow.pl\/kpgppp\/wp-json\/wp\/v2\/pages\/88","targetHints":{"allow":["GET"]}}],"collection":[{"href":"https:\/\/ip2.uek.krakow.pl\/kpgppp\/wp-json\/wp\/v2\/pages"}],"about":[{"href":"https:\/\/ip2.uek.krakow.pl\/kpgppp\/wp-json\/wp\/v2\/types\/page"}],"author":[{"embeddable":true,"href":"https:\/\/ip2.uek.krakow.pl\/kpgppp\/wp-json\/wp\/v2\/users\/1"}],"replies":[{"embeddable":true,"href":"https:\/\/ip2.uek.krakow.pl\/kpgppp\/wp-json\/wp\/v2\/comments?post=88"}],"version-history":[{"count":69,"href":"https:\/\/ip2.uek.krakow.pl\/kpgppp\/wp-json\/wp\/v2\/pages\/88\/revisions"}],"predecessor-version":[{"id":1957,"href":"https:\/\/ip2.uek.krakow.pl\/kpgppp\/wp-json\/wp\/v2\/pages\/88\/revisions\/1957"}],"wp:attachment":[{"href":"https:\/\/ip2.uek.krakow.pl\/kpgppp\/wp-json\/wp\/v2\/media?parent=88"}],"curies":[{"name":"wp","href":"https:\/\/api.w.org\/{rel}","templated":true}]}}