{"id":174,"date":"2023-02-19T01:50:07","date_gmt":"2023-02-19T00:50:07","guid":{"rendered":"https:\/\/ie.uek.krakow.pl\/ke\/?page_id=174"},"modified":"2024-05-11T18:14:40","modified_gmt":"2024-05-11T16:14:40","slug":"pracownicy-uek","status":"publish","type":"page","link":"https:\/\/ip2.uek.krakow.pl\/kpgppp\/pracownicy-uek\/","title":{"rendered":"Pracownicy"},"content":{"rendered":"\t\t<div data-elementor-type=\"wp-page\" data-elementor-id=\"174\" class=\"elementor elementor-174\" data-elementor-post-type=\"page\">\n\t\t\t\t\t\t<section data-particle_enable=\"false\" data-particle-mobile-disabled=\"false\" class=\"elementor-section elementor-top-section elementor-element elementor-element-be20bad elementor-section-boxed elementor-section-height-default elementor-section-height-default\" data-id=\"be20bad\" data-element_type=\"section\" data-e-type=\"section\" data-settings=\"{&quot;jet_parallax_layout_list&quot;:[]}\">\n\t\t\t\t\t\t<div class=\"elementor-container elementor-column-gap-default\">\n\t\t\t\t\t<div class=\"elementor-column elementor-col-100 elementor-top-column elementor-element elementor-element-c099fef\" data-id=\"c099fef\" data-element_type=\"column\" data-e-type=\"column\">\n\t\t\t<div class=\"elementor-widget-wrap elementor-element-populated\">\n\t\t\t\t\t\t<div class=\"elementor-element elementor-element-923f8d4 elementor-widget elementor-widget-heading\" data-id=\"923f8d4\" data-element_type=\"widget\" data-e-type=\"widget\" id=\"kpii\" data-widget_type=\"heading.default\">\n\t\t\t\t<div class=\"elementor-widget-container\">\n\t\t\t\t\t<h2 class=\"elementor-heading-title elementor-size-default\">Katedra Prawa Gospodarczego Publicznego i Prawa Pracy<\/h2>\t\t\t\t<\/div>\n\t\t\t\t<\/div>\n\t\t\t\t<section data-particle_enable=\"false\" data-particle-mobile-disabled=\"false\" class=\"elementor-section elementor-inner-section elementor-element elementor-element-4f9f836 elementor-section-boxed elementor-section-height-default elementor-section-height-default\" data-id=\"4f9f836\" data-element_type=\"section\" data-e-type=\"section\" data-settings=\"{&quot;jet_parallax_layout_list&quot;:[],&quot;background_background&quot;:&quot;classic&quot;,&quot;shape_divider_bottom&quot;:&quot;arrow&quot;,&quot;shape_divider_bottom_negative&quot;:&quot;yes&quot;}\">\n\t\t\t\t\t<div class=\"elementor-shape elementor-shape-bottom\" aria-hidden=\"true\" data-negative=\"true\">\n\t\t\t<svg xmlns=\"http:\/\/www.w3.org\/2000\/svg\" viewBox=\"0 0 700 10\" preserveAspectRatio=\"none\">\n\t<path class=\"elementor-shape-fill\" d=\"M360 0L350 9.9 340 0 0 0 0 10 700 10 700 0\"\/>\n<\/svg>\t\t<\/div>\n\t\t\t\t\t<div class=\"elementor-container elementor-column-gap-default\">\n\t\t\t\t\t<div class=\"elementor-column elementor-col-50 elementor-inner-column elementor-element elementor-element-7a9c1ea\" data-id=\"7a9c1ea\" data-element_type=\"column\" data-e-type=\"column\">\n\t\t\t<div class=\"elementor-widget-wrap elementor-element-populated\">\n\t\t\t\t\t\t<div class=\"elementor-element elementor-element-6239586 elementor-widget elementor-widget-heading\" data-id=\"6239586\" data-element_type=\"widget\" data-e-type=\"widget\" data-widget_type=\"heading.default\">\n\t\t\t\t<div class=\"elementor-widget-container\">\n\t\t\t\t\t<h4 class=\"elementor-heading-title elementor-size-default\">Kierownik Katedry<\/h4>\t\t\t\t<\/div>\n\t\t\t\t<\/div>\n\t\t\t\t\t<\/div>\n\t\t<\/div>\n\t\t\t\t<div class=\"elementor-column elementor-col-50 elementor-inner-column elementor-element elementor-element-d1d5d6a\" data-id=\"d1d5d6a\" data-element_type=\"column\" data-e-type=\"column\">\n\t\t\t<div class=\"elementor-widget-wrap elementor-element-populated\">\n\t\t\t\t\t\t<div class=\"elementor-element elementor-element-a114a1c elementor-widget elementor-widget-eael-post-list\" data-id=\"a114a1c\" data-element_type=\"widget\" data-e-type=\"widget\" data-widget_type=\"eael-post-list.default\">\n\t\t\t\t<div class=\"elementor-widget-container\">\n\t\t\t\t\t<div class=\"eael-post-list-container default layout-default\"><div class=\"eael-post-list-wrap\"><div class=\"eael-post-list-posts-wrap eael-post-appender eael-post-appender-a114a1c\"><div class=\"eael-post-list-post \"><div class=\"eael-post-list-thumbnail \"><a href=\"https:\/\/ip2.uek.krakow.pl\/kpgppp\/pracownicy\/prof-uek-dr-hab-monika-szaraniec\/\">\n                            <img decoding=\"async\" src=\"https:\/\/ip2.uek.krakow.pl\/kpgppp\/wp-content\/uploads\/sites\/8\/2023\/02\/leg.jpg\" alt=\"\">\n                        <\/a><\/div><div class=\"eael-post-list-content\"><h2 class=\"eael-post-list-title\"><a href=\"https:\/\/ip2.uek.krakow.pl\/kpgppp\/pracownicy\/prof-uek-dr-hab-monika-szaraniec\/\" >PROF. UEK, DR HAB. MONIKA SZARANIEC<\/a><\/h2><\/div><\/div><\/div><\/div>\n\t\t<\/div>\t\t\t\t<\/div>\n\t\t\t\t<\/div>\n\t\t\t\t\t<\/div>\n\t\t<\/div>\n\t\t\t\t\t<\/div>\n\t\t<\/section>\n\t\t\t\t<div class=\"elementor-element elementor-element-3b905d0 elementor-widget elementor-widget-eael-post-list\" data-id=\"3b905d0\" data-element_type=\"widget\" data-e-type=\"widget\" data-widget_type=\"eael-post-list.default\">\n\t\t\t\t<div class=\"elementor-widget-container\">\n\t\t\t\t\t<div class=\"eael-post-list-container default layout-default\"><div class=\"eael-post-list-wrap\"><div class=\"eael-post-list-posts-wrap eael-post-appender eael-post-appender-3b905d0\"><div class=\"eael-post-list-post \"><div class=\"eael-post-list-thumbnail \"><a href=\"https:\/\/ip2.uek.krakow.pl\/kpgppp\/pracownicy\/prof-uek-dr-hab-malgorzata-medrala\/\">\n                            <img decoding=\"async\" src=\"https:\/\/ip2.uek.krakow.pl\/kpgppp\/wp-content\/uploads\/sites\/8\/2024\/04\/cropped_image.png\" alt=\"\">\n                        <\/a><\/div><div class=\"eael-post-list-content\"><h2 class=\"eael-post-list-title\"><a href=\"https:\/\/ip2.uek.krakow.pl\/kpgppp\/pracownicy\/prof-uek-dr-hab-malgorzata-medrala\/\" >PROF. UEK, DR HAB. MA\u0141GORZATA M\u0118DRALA<\/a><\/h2><\/div><\/div><div class=\"eael-post-list-post \"><div class=\"eael-post-list-thumbnail \"><a href=\"https:\/\/ip2.uek.krakow.pl\/kpgppp\/pracownicy\/prof-uek-dr-hab-aleksandra-nowak-gruca\/\">\n                            <img decoding=\"async\" src=\"https:\/\/ip2.uek.krakow.pl\/kpgppp\/wp-content\/uploads\/sites\/8\/2024\/04\/cropped_image-1.png\" alt=\"\">\n                        <\/a><\/div><div class=\"eael-post-list-content\"><h2 class=\"eael-post-list-title\"><a href=\"https:\/\/ip2.uek.krakow.pl\/kpgppp\/pracownicy\/prof-uek-dr-hab-aleksandra-nowak-gruca\/\" >PROF. UEK, DR HAB. ALEKSANDRA NOWAK-GRUCA<\/a><\/h2><\/div><\/div><div class=\"eael-post-list-post \"><div class=\"eael-post-list-thumbnail \"><a href=\"https:\/\/ip2.uek.krakow.pl\/kpgppp\/pracownicy\/prof-uek-dr-hab-jan-byrski\/\">\n                            <img decoding=\"async\" src=\"https:\/\/ip2.uek.krakow.pl\/kpgppp\/wp-content\/uploads\/sites\/8\/2024\/04\/cropped_image-3.png\" alt=\"\">\n                        <\/a><\/div><div class=\"eael-post-list-content\"><h2 class=\"eael-post-list-title\"><a href=\"https:\/\/ip2.uek.krakow.pl\/kpgppp\/pracownicy\/prof-uek-dr-hab-jan-byrski\/\" >PROF UEK, DR HAB. JAN BYRSKI<\/a><\/h2><\/div><\/div><div class=\"eael-post-list-post \"><div class=\"eael-post-list-thumbnail \"><a href=\"https:\/\/ip2.uek.krakow.pl\/kpgppp\/pracownicy\/dr-marcin-kielbasa\/\">\n                            <img decoding=\"async\" src=\"https:\/\/ip2.uek.krakow.pl\/kpgppp\/wp-content\/uploads\/sites\/8\/2024\/04\/cropped_image-2-1.png\" alt=\"\">\n                        <\/a><\/div><div class=\"eael-post-list-content\"><h2 class=\"eael-post-list-title\"><a href=\"https:\/\/ip2.uek.krakow.pl\/kpgppp\/pracownicy\/dr-marcin-kielbasa\/\" >DR MARCIN KIE\u0141BASA<\/a><\/h2><\/div><\/div><div class=\"eael-post-list-post \"><div class=\"eael-post-list-thumbnail \"><a href=\"https:\/\/ip2.uek.krakow.pl\/kpgppp\/pracownicy\/dr-mateusz-tondera\/\">\n                            <img decoding=\"async\" src=\"https:\/\/ip2.uek.krakow.pl\/kpgppp\/wp-content\/uploads\/sites\/8\/2024\/04\/Screenshot_20210722-113132_Instagram-3.jpg\" alt=\"\">\n                        <\/a><\/div><div class=\"eael-post-list-content\"><h2 class=\"eael-post-list-title\"><a href=\"https:\/\/ip2.uek.krakow.pl\/kpgppp\/pracownicy\/dr-mateusz-tondera\/\" >DR MATEUSZ TONDERA<\/a><\/h2><\/div><\/div><div class=\"eael-post-list-post \"><div class=\"eael-post-list-thumbnail \"><a href=\"https:\/\/ip2.uek.krakow.pl\/kpgppp\/pracownicy\/mgr-krzysztof-bodzenta\/\">\n                            <img decoding=\"async\" src=\"https:\/\/ip2.uek.krakow.pl\/kpgppp\/wp-content\/uploads\/sites\/8\/2024\/05\/cropped_image.png\" alt=\"\">\n                        <\/a><\/div><div class=\"eael-post-list-content\"><h2 class=\"eael-post-list-title\"><a href=\"https:\/\/ip2.uek.krakow.pl\/kpgppp\/pracownicy\/mgr-krzysztof-bodzenta\/\" >MGR KRZYSZTOF BODZENTA<\/a><\/h2><\/div><\/div><\/div><\/div>\n\t\t<\/div>\t\t\t\t<\/div>\n\t\t\t\t<\/div>\n\t\t\t\t\t<\/div>\n\t\t<\/div>\n\t\t\t\t\t<\/div>\n\t\t<\/section>\n\t\t\t\t<\/div>\n\t\t","protected":false},"excerpt":{"rendered":"<p>\/*! elementor &#8211; v3.21.0 &#8211; 08-05-2024 *\/ .elementor-heading-title{padding:0;margin:0;line-height:1}.elementor-widget-heading .elementor-heading-title[class*=elementor-size-]&gt;a{color:inherit;font-size:inherit;line-height:inherit}.elementor-widget-heading .elementor-heading-title.elementor-size-small{font-size:15px}.elementor-widget-heading .elementor-heading-title.elementor-size-medium{font-size:19px}.elementor-widget-heading .elementor-heading-title.elementor-size-large{font-size:29px}.elementor-widget-heading .elementor-heading-title.elementor-size-xl{font-size:39px}.elementor-widget-heading .elementor-heading-title.elementor-size-xxl{font-size:59px} Katedra Prawa Gospodarczego Publicznego i Prawa Pracy Kierownik Katedry PROF. UEK, DR HAB. MONIKA SZARANIEC PROF. UEK, DR HAB. MA\u0141GORZATA M\u0118DRALA PROF. UEK, DR HAB. ALEKSANDRA NOWAK-GRUCA DR MATEUSZ TONDERA DR MARCIN KIE\u0141BASA MGR KRZYSZTOF BODZENTA PROF UEK, DR HAB. JAN BYRSKI<\/p>\n","protected":false},"author":1,"featured_media":0,"parent":0,"menu_order":0,"comment_status":"closed","ping_status":"closed","template":"elementor_header_footer","meta":{"footnotes":""},"class_list":["post-174","page","type-page","status-publish","hentry"],"_links":{"self":[{"href":"https:\/\/ip2.uek.krakow.pl\/kpgppp\/wp-json\/wp\/v2\/pages\/174","targetHints":{"allow":["GET"]}}],"collection":[{"href":"https:\/\/ip2.uek.krakow.pl\/kpgppp\/wp-json\/wp\/v2\/pages"}],"about":[{"href":"https:\/\/ip2.uek.krakow.pl\/kpgppp\/wp-json\/wp\/v2\/types\/page"}],"author":[{"embeddable":true,"href":"https:\/\/ip2.uek.krakow.pl\/kpgppp\/wp-json\/wp\/v2\/users\/1"}],"replies":[{"embeddable":true,"href":"https:\/\/ip2.uek.krakow.pl\/kpgppp\/wp-json\/wp\/v2\/comments?post=174"}],"version-history":[{"count":12,"href":"https:\/\/ip2.uek.krakow.pl\/kpgppp\/wp-json\/wp\/v2\/pages\/174\/revisions"}],"predecessor-version":[{"id":1770,"href":"https:\/\/ip2.uek.krakow.pl\/kpgppp\/wp-json\/wp\/v2\/pages\/174\/revisions\/1770"}],"wp:attachment":[{"href":"https:\/\/ip2.uek.krakow.pl\/kpgppp\/wp-json\/wp\/v2\/media?parent=174"}],"curies":[{"name":"wp","href":"https:\/\/api.w.org\/{rel}","templated":true}]}}