{"id":1521,"date":"2024-05-08T12:30:57","date_gmt":"2024-05-08T10:30:57","guid":{"rendered":"https:\/\/ip.uek.krakow.pl\/kpgppp\/?page_id=1521"},"modified":"2024-11-27T17:14:29","modified_gmt":"2024-11-27T16:14:29","slug":"partnerzy-2","status":"publish","type":"page","link":"https:\/\/ip2.uek.krakow.pl\/kpgppp\/partnerzy-2\/","title":{"rendered":"Partnerzy"},"content":{"rendered":"\t\t<div data-elementor-type=\"wp-page\" data-elementor-id=\"1521\" class=\"elementor elementor-1521\" data-elementor-post-type=\"page\">\n\t\t\t\t\t\t<section data-particle_enable=\"false\" data-particle-mobile-disabled=\"false\" class=\"elementor-section elementor-top-section elementor-element elementor-element-4ca67fb elementor-section-boxed elementor-section-height-default elementor-section-height-default\" data-id=\"4ca67fb\" data-element_type=\"section\" data-e-type=\"section\" data-settings=\"{&quot;jet_parallax_layout_list&quot;:[]}\">\n\t\t\t\t\t\t<div class=\"elementor-container elementor-column-gap-default\">\n\t\t\t\t\t<div class=\"elementor-column elementor-col-100 elementor-top-column elementor-element elementor-element-22e0d310\" data-id=\"22e0d310\" data-element_type=\"column\" data-e-type=\"column\">\n\t\t\t<div class=\"elementor-widget-wrap elementor-element-populated\">\n\t\t\t\t\t\t<div class=\"elementor-element elementor-element-7c047738 elementor-widget elementor-widget-jet-headline\" data-id=\"7c047738\" data-element_type=\"widget\" data-e-type=\"widget\" data-widget_type=\"jet-headline.default\">\n\t\t\t\t<div class=\"elementor-widget-container\">\n\t\t\t\t\t<h2 class=\"jet-headline jet-headline--direction-horizontal\"><span class=\"jet-headline__part jet-headline__first\"><span class=\"jet-headline__label\">Katedra <\/span><\/span><span class=\"jet-headline__space\">&nbsp;<\/span><span class=\"jet-headline__part jet-headline__second\"><span class=\"jet-headline__label\">PRAWA GOSPODARCZEGO PUBLICZNEGO I PRAWA PRACY<\/span><\/span><\/h2>\t\t\t\t<\/div>\n\t\t\t\t<\/div>\n\t\t\t\t<div class=\"elementor-element elementor-element-27706e0c elementor-widget-divider--view-line elementor-invisible elementor-widget elementor-widget-divider\" data-id=\"27706e0c\" data-element_type=\"widget\" data-e-type=\"widget\" data-settings=\"{&quot;_animation&quot;:&quot;fadeInLeft&quot;}\" data-widget_type=\"divider.default\">\n\t\t\t\t<div class=\"elementor-widget-container\">\n\t\t\t\t\t\t\t<div class=\"elementor-divider\">\n\t\t\t<span class=\"elementor-divider-separator\">\n\t\t\t\t\t\t<\/span>\n\t\t<\/div>\n\t\t\t\t\t\t<\/div>\n\t\t\t\t<\/div>\n\t\t\t\t<div class=\"elementor-element elementor-element-64fa2182 elementor-widget elementor-widget-text-editor\" data-id=\"64fa2182\" data-element_type=\"widget\" data-e-type=\"widget\" data-widget_type=\"text-editor.default\">\n\t\t\t\t<div class=\"elementor-widget-container\">\n\t\t\t\t\t\t\t\t\t<p><span style=\"font-family: Montserrat;font-size: 26px;font-weight: 600;letter-spacing: 0px\">Wsp\u00f3\u0142praca z otoczeniem gospodarczym i innymi instytucjami:<\/span><\/p>\t\t\t\t\t\t\t\t<\/div>\n\t\t\t\t<\/div>\n\t\t\t\t<div class=\"elementor-element elementor-element-2b5d681 elementor-widget elementor-widget-text-editor\" data-id=\"2b5d681\" data-element_type=\"widget\" data-e-type=\"widget\" data-widget_type=\"text-editor.default\">\n\t\t\t\t<div class=\"elementor-widget-container\">\n\t\t\t\t\t\t\t\t\t<h5>Katedra i jej pracownicy wsp\u00f3\u0142pracowali lub wsp\u00f3\u0142pracuj\u0105 z:<\/h5>\n<div>&nbsp;<\/div>\n<ul>\n<li><strong>Rada Konsultacyjna ds. ochrony konsument\u00f3w przy zarz\u0105dzie wojew\u00f3dztwa ma\u0142opolskiego<\/strong> \u2013 cz\u0142onek \u2013 Prof. UEK dr hab. Monika Szaraniec;<\/li>\n<li><strong>Association Internationale de Droit des Assurances(AIDA) \u2013 Sekcja Polska<\/strong> \u2013 cz\u0142onek \u2013 Prof. UEK dr hab. Monika Szaraniec;<\/li>\n<li><strong>Stowarzyszenie Polskich Broker\u00f3w Ubezpieczeniowych i Reasekuracyjnych<\/strong> \u2013 ekspert szkoleniowiec \u2013 Prof. UEK dr hab. Monika Szaraniec;<\/li>\n<li><strong>Fundacja MERCATUS ET CIVIS<\/strong> \u2013 wsp\u00f3\u0142praca w organizacji konferencji \u2013 Prof. UEK dr hab. Monika Szaraniec;<\/li>\n<li><strong>Fundacja Rozwoju Obrotu Bezgot\u00f3wkowego (FROB)<\/strong> \u2013 ekspert prawny \u2013 Prof. UEK dr hab. Jan Byrski;<\/li>\n<li><strong>International Association of Privacy Professionals (IAPP) oraz Stowarzyszenia Inspektor\u00f3w Ochrony Danych (IOD-ABI)<\/strong> \u2013 cz\u0142onek \u2013 Prof. UEK dr hab. Jan Byrski;<\/li>\n<li><strong>Komitet FinTech Polskiej Izby Informatyki i Telekomunikacji (PIIT)<\/strong> \u2013 Wiceprzewodnicz\u0105cy \u2013 Prof. UEK dr hab. Jan Byrski;<\/li>\n<li><strong>Zesp\u00f3\u0142 roboczy w UKNF ds. rozwoju innowacji finansowych (FinTech) oraz grup roboczych w Ministerstwie Cyfryzacji, w tym ds. rejestr\u00f3w rozproszonych i blockchain<\/strong>.- cz\u0142onek \u2013 Prof. UEK dr hab. Jan Byrski;<\/li>\n<li><strong>Stowarzyszenie Inicjatywa Mobilno\u015bci Pracy w Krakowie<\/strong> \u2013 prawnik \u2013 dr Marcin Kie\u0142basa;<\/li>\n<li><strong>Polskie Stowarzyszenie Prawa Europejskiego<\/strong> \u2013 cz\u0142onek \u2013 dr Marcin Kie\u0142basa;<\/li>\n<li><strong>Polska Sie\u0107 Naukowa Prawa Pracy i Zabezpieczenia Spo\u0142ecznego COOPERANTE<\/strong> \u2013 cz\u0142onek \u2013 dr Marcin Kie\u0142basa;<\/li>\n<li><strong>Trybuna\u0142 Sprawiedliwo\u015bci Unii Europejski<\/strong> \u2013 t\u0142umacz freelance z j. w\u0142oskiego na j. polski \u2013 dr Marcin Kie\u0142basa;<\/li>\n<li><strong>Inicjatywa Mobilno\u015bci Pracy<\/strong> \u2013 cz\u0142onek wspieraj\u0105cy Prof. UEK dr hab. Ma\u0142gorzata M\u0119drala;<\/li>\n<li><strong>International Labour and Employment Relations Association (ILERA)<\/strong> -cz\u0142onek \u2013 Prof. UEK dr hab. Ma\u0142gorzata M\u0119drala;<\/li>\n<li><strong>Stowarzyszenie Edukacji Administracji Publicznej (SEAP)<\/strong> \u2013 cz\u0142onek \u2013 Prof. UEK dr hab. Ma\u0142gorzata M\u0119drala;<\/li>\n<li><strong>Stowarzyszenie Bada\u0144 nad \u0179r\u00f3d\u0142ami i Funkcjami Prawa \u201eFONTES\u201d<\/strong> \u2013 cz\u0142onek \u2013 Prof. UEK dr hab. Ma\u0142gorzata M\u0119drala;<\/li>\n<li><strong>Instytut Wzornictwa Przemys\u0142owego Sp. z o.o. z siedzib\u0105 w Warszawie<\/strong> \u2013 ekspert prawny, trener biznesu w projektach unijnych i krajowych \u2013 Prof. UEK dr hab. Aleksandra Nowak-Gruca;<\/li>\n<li><strong>AVENHANSEN Sp. z o.o. z siedzib\u0105 w Krakowie<\/strong> \u2013 wsp\u00f3\u0142praca w realizacji projekt\u00f3w doradczych, szkoleniowych i badawczych z zakresu prawa w\u0142asno\u015bci intelektualnej \u2013 Prof. UEK dr hab.<span style=\"font-family: var( --e-global-typography-text-font-family ), Sans-serif;letter-spacing: 0px\">&nbsp;Aleksandra Nowak-Gruca.<\/span><\/li>\n<\/ul>\t\t\t\t\t\t\t\t<\/div>\n\t\t\t\t<\/div>\n\t\t\t\t<div class=\"elementor-element elementor-element-7c7342c elementor-widget elementor-widget-image\" data-id=\"7c7342c\" data-element_type=\"widget\" data-e-type=\"widget\" data-widget_type=\"image.default\">\n\t\t\t\t<div class=\"elementor-widget-container\">\n\t\t\t\t\t\t\t\t\t\t\t\t\t\t\t<img decoding=\"async\" src=\"https:\/\/ie.uek.krakow.pl\/ke\/wp-content\/uploads\/sites\/3\/2023\/02\/placeholder-1.png\" title=\"\" alt=\"\" loading=\"lazy\" \/>\t\t\t\t\t\t\t\t\t\t\t\t\t\t\t<\/div>\n\t\t\t\t<\/div>\n\t\t\t\t\t<\/div>\n\t\t<\/div>\n\t\t\t\t\t<\/div>\n\t\t<\/section>\n\t\t\t\t<\/div>\n\t\t","protected":false},"excerpt":{"rendered":"<p>Katedra &nbsp;PRAWA GOSPODARCZEGO PUBLICZNEGO I PRAWA PRACY Wsp\u00f3\u0142praca z otoczeniem gospodarczym i innymi instytucjami: Katedra i jej pracownicy wsp\u00f3\u0142pracowali lub wsp\u00f3\u0142pracuj\u0105 z: &nbsp; Rada Konsultacyjna ds. ochrony konsument\u00f3w przy zarz\u0105dzie wojew\u00f3dztwa ma\u0142opolskiego \u2013 cz\u0142onek \u2013 Prof. UEK dr hab. Monika Szaraniec; Association Internationale de Droit des Assurances(AIDA) \u2013 Sekcja Polska \u2013 cz\u0142onek \u2013 Prof. UEK dr hab. Monika Szaraniec; Stowarzyszenie Polskich Broker\u00f3w Ubezpieczeniowych i Reasekuracyjnych \u2013 ekspert szkoleniowiec \u2013 Prof. UEK dr hab. Monika Szaraniec; Fundacja MERCATUS ET CIVIS \u2013 wsp\u00f3\u0142praca w organizacji konferencji \u2013 Prof. UEK dr hab. Monika Szaraniec; Fundacja Rozwoju Obrotu Bezgot\u00f3wkowego (FROB) \u2013 ekspert prawny \u2013 Prof. UEK dr hab. Jan Byrski; International Association of Privacy Professionals (IAPP) oraz Stowarzyszenia Inspektor\u00f3w Ochrony Danych (IOD-ABI) \u2013 cz\u0142onek \u2013 Prof. UEK dr hab. Jan Byrski; Komitet FinTech Polskiej Izby Informatyki i Telekomunikacji (PIIT) \u2013 Wiceprzewodnicz\u0105cy \u2013 Prof. UEK dr hab. Jan Byrski; Zesp\u00f3\u0142 roboczy w UKNF ds. rozwoju innowacji finansowych (FinTech) oraz grup roboczych w Ministerstwie Cyfryzacji, w tym ds. rejestr\u00f3w rozproszonych i blockchain.- cz\u0142onek \u2013 Prof. UEK dr hab. Jan Byrski; Stowarzyszenie Inicjatywa Mobilno\u015bci Pracy w Krakowie \u2013 prawnik \u2013 dr Marcin Kie\u0142basa; Polskie Stowarzyszenie Prawa Europejskiego \u2013 cz\u0142onek \u2013 dr Marcin Kie\u0142basa; Polska Sie\u0107 Naukowa Prawa Pracy i Zabezpieczenia Spo\u0142ecznego COOPERANTE \u2013 cz\u0142onek \u2013 dr Marcin Kie\u0142basa; Trybuna\u0142 Sprawiedliwo\u015bci Unii Europejski \u2013 t\u0142umacz freelance z j. w\u0142oskiego na j. polski \u2013 dr Marcin Kie\u0142basa; Inicjatywa Mobilno\u015bci Pracy \u2013 cz\u0142onek wspieraj\u0105cy Prof. UEK dr hab. Ma\u0142gorzata M\u0119drala; International Labour and Employment Relations Association (ILERA) -cz\u0142onek \u2013 Prof. UEK dr hab. Ma\u0142gorzata M\u0119drala; Stowarzyszenie Edukacji Administracji Publicznej (SEAP) \u2013 cz\u0142onek \u2013 Prof. UEK dr hab. Ma\u0142gorzata M\u0119drala; Stowarzyszenie Bada\u0144 nad \u0179r\u00f3d\u0142ami i Funkcjami Prawa \u201eFONTES\u201d \u2013 cz\u0142onek \u2013 Prof. UEK dr hab. Ma\u0142gorzata M\u0119drala; Instytut Wzornictwa Przemys\u0142owego Sp. z o.o. z siedzib\u0105 w Warszawie \u2013 ekspert prawny, trener biznesu w projektach unijnych i krajowych \u2013 Prof. UEK dr hab. Aleksandra Nowak-Gruca; AVENHANSEN Sp. z o.o. z siedzib\u0105 w Krakowie \u2013 wsp\u00f3\u0142praca w realizacji projekt\u00f3w doradczych, szkoleniowych i badawczych z zakresu prawa w\u0142asno\u015bci intelektualnej \u2013 Prof. UEK dr hab.&nbsp;Aleksandra Nowak-Gruca.<\/p>\n","protected":false},"author":15,"featured_media":0,"parent":0,"menu_order":0,"comment_status":"closed","ping_status":"closed","template":"elementor_header_footer","meta":{"footnotes":""},"class_list":["post-1521","page","type-page","status-publish","hentry"],"_links":{"self":[{"href":"https:\/\/ip2.uek.krakow.pl\/kpgppp\/wp-json\/wp\/v2\/pages\/1521","targetHints":{"allow":["GET"]}}],"collection":[{"href":"https:\/\/ip2.uek.krakow.pl\/kpgppp\/wp-json\/wp\/v2\/pages"}],"about":[{"href":"https:\/\/ip2.uek.krakow.pl\/kpgppp\/wp-json\/wp\/v2\/types\/page"}],"author":[{"embeddable":true,"href":"https:\/\/ip2.uek.krakow.pl\/kpgppp\/wp-json\/wp\/v2\/users\/15"}],"replies":[{"embeddable":true,"href":"https:\/\/ip2.uek.krakow.pl\/kpgppp\/wp-json\/wp\/v2\/comments?post=1521"}],"version-history":[{"count":13,"href":"https:\/\/ip2.uek.krakow.pl\/kpgppp\/wp-json\/wp\/v2\/pages\/1521\/revisions"}],"predecessor-version":[{"id":1904,"href":"https:\/\/ip2.uek.krakow.pl\/kpgppp\/wp-json\/wp\/v2\/pages\/1521\/revisions\/1904"}],"wp:attachment":[{"href":"https:\/\/ip2.uek.krakow.pl\/kpgppp\/wp-json\/wp\/v2\/media?parent=1521"}],"curies":[{"name":"wp","href":"https:\/\/api.w.org\/{rel}","templated":true}]}}